{"id":8179,"date":"2024-04-10T12:18:45","date_gmt":"2024-04-10T16:18:45","guid":{"rendered":"https:\/\/touchlatam.com\/?page_id=8179"},"modified":"2024-06-05T12:26:01","modified_gmt":"2024-06-05T16:26:01","slug":"politicas-de-privacidad","status":"publish","type":"page","link":"https:\/\/touchlatam.com\/pe\/politicas-de-privacidad\/","title":{"rendered":"Pol\u00edticas de Privacidad"},"content":{"rendered":"<div data-elementor-type=\"wp-page\" data-elementor-id=\"8179\" class=\"elementor elementor-8179\" data-elementor-post-type=\"page\">\n\t\t\t\t<div class=\"elementor-element elementor-element-29a2f14 e-flex e-con-boxed e-con e-parent\" data-id=\"29a2f14\" data-element_type=\"container\">\n\t\t\t\t\t<div class=\"e-con-inner\">\n\t\t\t\t<div class=\"elementor-element elementor-element-1416135 elementor-widget elementor-widget-heading\" data-id=\"1416135\" data-element_type=\"widget\" data-widget_type=\"heading.default\">\n\t\t\t\t<div class=\"elementor-widget-container\">\n\t\t\t\t\t<h2 class=\"elementor-heading-title elementor-size-default\">Pol\u00edticas de Privacidad<br>touchlatam.com<\/h2>\t\t\t\t<\/div>\n\t\t\t\t<\/div>\n\t\t\t\t\t<\/div>\n\t\t\t\t<\/div>\n\t\t<div class=\"elementor-element elementor-element-44e036a e-flex e-con-boxed e-con e-parent\" data-id=\"44e036a\" data-element_type=\"container\">\n\t\t\t\t\t<div class=\"e-con-inner\">\n\t\t\t\t<div class=\"elementor-element elementor-element-03a7cd4 elementor-widget elementor-widget-text-editor\" data-id=\"03a7cd4\" data-element_type=\"widget\" data-widget_type=\"text-editor.default\">\n\t\t\t\t<div class=\"elementor-widget-container\">\n\t\t\t\t\t\t\t\t\t<p>De conformidad a lo dispuesto en el art\u00edculo 19 N\u00ba 4 de la Constituci\u00f3n Pol\u00edtica de la Rep\u00fablica y la Ley N\u00ba 19.628 sobre \u201cProtecci\u00f3n de datos de car\u00e1cter personal\u201d se establecen e informan las siguientes Pol\u00edticas de Privacidad, en adelante la \u201cPol\u00edtica\u201d, aplicables al uso del sitio web <a href=\"https:\/\/touchlatam.com\/pe\/\" target=\"_blank\" rel=\"noopener\">https:\/\/touchlatam.com\/<\/a><\/p><p><span style=\"text-align: var(--text-align);\">El objetivo de esta Pol\u00edtica es el resguardar la seguridad, confidencialidad y privacidad del usuario y\/o visitante de este sitio.<\/span><\/p><p><span style=\"text-align: var(--text-align);\">Estas pol\u00edticas tienen por finalidad asegurar la correcta utilizaci\u00f3n de la informaci\u00f3n recopilada a trav\u00e9s de las visitas de este sitio y de sus contenidos.<\/span><\/p>\t\t\t\t\t\t\t\t<\/div>\n\t\t\t\t<\/div>\n\t\t\t\t<div class=\"elementor-element elementor-element-71184c5 elementor-widget elementor-widget-heading\" data-id=\"71184c5\" data-element_type=\"widget\" data-widget_type=\"heading.default\">\n\t\t\t\t<div class=\"elementor-widget-container\">\n\t\t\t\t\t<h2 class=\"elementor-heading-title elementor-size-default\">I.\tDatos Recopilados.<\/h2>\t\t\t\t<\/div>\n\t\t\t\t<\/div>\n\t\t\t\t<div class=\"elementor-element elementor-element-9531c09 elementor-widget elementor-widget-text-editor\" data-id=\"9531c09\" data-element_type=\"widget\" data-widget_type=\"text-editor.default\">\n\t\t\t\t<div class=\"elementor-widget-container\">\n\t\t\t\t\t\t\t\t\t<ul><li><a href=\"https:\/\/touchlatam.com\/pe\/\" target=\"_blank\" rel=\"noopener\">https:\/\/touchlatam.com\/<\/a> recopila los datos de los interesados personas naturales y\/o jur\u00eddicas y\/o usuarios y\/o visitantes en general que hagan uso de este portal, a trav\u00e9s de dos mecanismos autom\u00e1ticos o manuales.<br \/><br \/><\/li><li>Los primeros dicen relaci\u00f3n con procesos inform\u00e1ticos realizados para generar registros de las actividades de los visitantes de sitios Web y cuyo objeto es establecer patrones de actividad, navegaci\u00f3n y audiencia, que no implican la identificaci\u00f3n personal de aquellos suscriptores, usuarios y\/o visitantes en general que accedan al sitio.<br \/><br \/><\/li><li>Los mecanismos manuales dicen relaci\u00f3n con los requerimientos formales y expresos de informaci\u00f3n a los interesados personas naturales y\/o jur\u00eddicas, suscriptores, usuarios y\/o visitantes que el mismo portal solicita y que implican la recolecci\u00f3n de datos personales tales como nombre, apellidos, domicilio, correo electr\u00f3nico, ocupaci\u00f3n, etc., los que, en todo caso, no ser\u00e1n recolectados sin su consentimiento o aceptaci\u00f3n previa.<\/li><\/ul><p>En este sentido, <a href=\"https:\/\/touchlatam.com\/pe\/\" target=\"_blank\" rel=\"noopener\">https:\/\/touchlatam.com\/<\/a> se reserva el derecho de usar dicha informaci\u00f3n general, a fin de establecer criterios que mejoren los contenidos de este sitio y de sus servicios asociados.<\/p>\t\t\t\t\t\t\t\t<\/div>\n\t\t\t\t<\/div>\n\t\t\t\t<div class=\"elementor-element elementor-element-a646cf9 elementor-widget elementor-widget-heading\" data-id=\"a646cf9\" data-element_type=\"widget\" data-widget_type=\"heading.default\">\n\t\t\t\t<div class=\"elementor-widget-container\">\n\t\t\t\t\t<h2 class=\"elementor-heading-title elementor-size-default\">II. Sobre el tratamiento de los datos<\/h2>\t\t\t\t<\/div>\n\t\t\t\t<\/div>\n\t\t\t\t<div class=\"elementor-element elementor-element-b771662 elementor-widget elementor-widget-text-editor\" data-id=\"b771662\" data-element_type=\"widget\" data-widget_type=\"text-editor.default\">\n\t\t\t\t<div class=\"elementor-widget-container\">\n\t\t\t\t\t\t\t\t\t<p>La informaci\u00f3n recopilada por medio de los mecanismos autom\u00e1ticos respecto de los suscriptores, usuarios y\/o visitantes del sitio web podr\u00e1n ser utilizados para definir y\/o proponer las ofertas de trabajo flexible y servicios y\/o patrones de actividad, navegaci\u00f3n, audiencia y caracterizaci\u00f3n general de este sistema.<\/p><p>Respecto de los datos personales de los usuarios, \u00e9stos ser\u00e1n tratados para los fines propios de los servicios de ofrece <a href=\"https:\/\/touchlatam.com\/pe\/\" target=\"_blank\" rel=\"noopener\">https:\/\/touchlatam.com\/<\/a> y con el objeto de mejorar la calidad de informaci\u00f3n del portal y dar una mejor atenci\u00f3n y servicios del sitio y\/o de las entidades y\/o personas asociadas al mismo.<\/p><p>De esta forma, al aceptar las presentes Pol\u00edticas de Privacidad, usted autoriza <a href=\"https:\/\/touchlatam.com\/pe\/\" target=\"_blank\" rel=\"noopener\">https:\/\/touchlatam.com\/<\/a> para:<\/p><ol><li>Utilizar sus datos personales con el objeto de vincular su ingreso con aquella labor es y\/o servicios que son de su inter\u00e9s y para mejorar la calidad de informaci\u00f3n del portal y dar una mejor atenci\u00f3n a los usuarios en relaci\u00f3n a los servicios ofrecidos, permitiendo que le sean entregadas propuestas comerciales, de servicios y\/o laborales de valor, gestionadas a trav\u00e9s de las empresas afiliadas y de ofertas a trav\u00e9s de nuestra p\u00e1gina web y aplicaciones m\u00f3viles vinculadas al programa.<br \/><br \/><\/li><li>Se hace presente que las empresas interesadas podr\u00e1n acceder \u00fanicamente a la informaci\u00f3n de los usuarios respecto de sus ofertas de empleo o servicios.<br \/><br \/><\/li><li>Comunicar a las entidades asociadas la informaci\u00f3n estad\u00edstica elaborada a partir de los datos personales de sus usuarios, cuando de dichos datos no sea posible identificar individualmente a los titulares (datos disociados), de conformidad a la Ley.<br \/><br \/><\/li><li>Igualmente, cuando el usuario env\u00ede mensajes de correo electr\u00f3nico u otras comunicaciones por intermedio de www.touchlatam.com, estar\u00e1 autorizando expresamente para conservar la informaci\u00f3n ah\u00ed contenida de modo de procesar sus consultas, responder a sus peticiones y mejorar sus servicios y para ponerse en contacto con \u00e9l y ofrecerle informaci\u00f3n sobre los servicios del Sitio y\/o sus marcas relacionadas.<\/li><\/ol><p><br \/>Sin perjuicio de lo anterior, <a href=\"https:\/\/touchlatam.com\/pe\/\" target=\"_blank\" rel=\"noopener\">https:\/\/touchlatam.com\/<\/a> mantendr\u00e1 la debida confidencialidad de los datos personales y no los transmitir\u00e1 a terceros, salvo cuando se deban entregar en raz\u00f3n de un mandato legal o una orden emanada de los Tribunales de Justicia que as\u00ed lo requiera.<\/p>\t\t\t\t\t\t\t\t<\/div>\n\t\t\t\t<\/div>\n\t\t\t\t<div class=\"elementor-element elementor-element-bc24497 elementor-widget-divider--view-line elementor-widget elementor-widget-divider\" data-id=\"bc24497\" data-element_type=\"widget\" data-widget_type=\"divider.default\">\n\t\t\t\t<div class=\"elementor-widget-container\">\n\t\t\t\t\t\t\t<div class=\"elementor-divider\">\n\t\t\t<span class=\"elementor-divider-separator\">\n\t\t\t\t\t\t<\/span>\n\t\t<\/div>\n\t\t\t\t\t\t<\/div>\n\t\t\t\t<\/div>\n\t\t\t\t<div class=\"elementor-element elementor-element-942ae35 elementor-widget elementor-widget-heading\" data-id=\"942ae35\" data-element_type=\"widget\" data-widget_type=\"heading.default\">\n\t\t\t\t<div class=\"elementor-widget-container\">\n\t\t\t\t\t<h2 class=\"elementor-heading-title elementor-size-default\">III. Derechos del titular de los datos<\/h2>\t\t\t\t<\/div>\n\t\t\t\t<\/div>\n\t\t\t\t<div class=\"elementor-element elementor-element-919b0c2 elementor-widget elementor-widget-text-editor\" data-id=\"919b0c2\" data-element_type=\"widget\" data-widget_type=\"text-editor.default\">\n\t\t\t\t<div class=\"elementor-widget-container\">\n\t\t\t\t\t\t\t\t\t<p>En todo momento, el usuario podr\u00e1 ejercer los derechos otorgados por la Ley N\u00ba19.628 y sus modificaciones posteriores. En espec\u00edfico, podr\u00e1:<\/p><ol><li>Solicitar informaci\u00f3n respecto de los bancos de datos de que sea responsable <a href=\"https:\/\/touchlatam.com\/pe\/\" target=\"_blank\" rel=\"noopener\">https:\/\/touchlatam.com\/<\/a>, el fundamento jur\u00eddico de su existencia, su finalidad, tipos de datos almacenados y descripci\u00f3n del universo de personas que comprende.<br \/><br \/><\/li><li>Solicitar informaci\u00f3n sobre los datos relativos a su persona, su procedencia y destinatario, el prop\u00f3sito del almacenamiento y la individualizaci\u00f3n de las personas u organismos a los cuales sus datos son transmitidos regularmente.<br \/><br \/><\/li><li>Solicitar que se modifiquen sus datos personales cuando ellos no sean correctos o no est\u00e9n actualizados, si fuere procedente.<br \/><br \/><\/li><li>Solicitar la eliminaci\u00f3n o cancelaci\u00f3n de los datos entregados cuando as\u00ed lo desee, en tanto fuere procedente.<\/li><\/ol>\t\t\t\t\t\t\t\t<\/div>\n\t\t\t\t<\/div>\n\t\t\t\t\t<\/div>\n\t\t\t\t<\/div>\n\t\t\t\t<\/div>","protected":false},"excerpt":{"rendered":"<p>Pol\u00edticas de Privacidadtouchlatam.com De conformidad a lo dispuesto en el art\u00edculo 19 N\u00ba 4 de la Constituci\u00f3n Pol\u00edtica de la Rep\u00fablica y la Ley N\u00ba 19.628 sobre \u201cProtecci\u00f3n de datos de car\u00e1cter personal\u201d se establecen e informan las siguientes Pol\u00edticas de Privacidad, en adelante la \u201cPol\u00edtica\u201d, aplicables al uso del sitio web https:\/\/touchlatam.com\/ El objetivo [&hellip;]<\/p>","protected":false},"author":22,"featured_media":0,"parent":0,"menu_order":0,"comment_status":"closed","ping_status":"closed","template":"","meta":{"_eb_attr":"","content-type":"","footnotes":""},"class_list":["post-8179","page","type-page","status-publish","hentry"],"yoast_head":"<!-- This site is optimized with the Yoast SEO Premium plugin v20.1 (Yoast SEO v24.2) - https:\/\/yoast.com\/wordpress\/plugins\/seo\/ -->\n<title>Pol\u00edticas de Privacidad - Touch Latam<\/title>\n<meta name=\"robots\" content=\"index, follow, max-snippet:-1, max-image-preview:large, max-video-preview:-1\" \/>\n<link rel=\"canonical\" href=\"https:\/\/touchlatam.com\/pe\/politicas-de-privacidad\/\" \/>\n<meta property=\"og:locale\" content=\"es_ES\" \/>\n<meta property=\"og:type\" content=\"article\" \/>\n<meta property=\"og:title\" content=\"Pol\u00edticas de Privacidad\" \/>\n<meta property=\"og:description\" content=\"Pol\u00edticas de Privacidadtouchlatam.com De conformidad a lo dispuesto en el art\u00edculo 19 N\u00ba 4 de la Constituci\u00f3n Pol\u00edtica de la Rep\u00fablica y la Ley N\u00ba 19.628 sobre \u201cProtecci\u00f3n de datos de car\u00e1cter personal\u201d se establecen e informan las siguientes Pol\u00edticas de Privacidad, en adelante la \u201cPol\u00edtica\u201d, aplicables al uso del sitio web https:\/\/touchlatam.com\/ El objetivo [&hellip;]\" \/>\n<meta property=\"og:url\" content=\"https:\/\/touchlatam.com\/pe\/politicas-de-privacidad\/\" \/>\n<meta property=\"og:site_name\" content=\"Touch Latam\" \/>\n<meta property=\"article:publisher\" content=\"https:\/\/www.facebook.com\/somos.touch.chile\" \/>\n<meta property=\"article:modified_time\" content=\"2024-06-05T16:26:01+00:00\" \/>\n<meta name=\"twitter:card\" content=\"summary_large_image\" \/>\n<meta name=\"twitter:label1\" content=\"Est. reading time\" \/>\n\t<meta name=\"twitter:data1\" content=\"4 minutos\" \/>\n<script type=\"application\/ld+json\" class=\"yoast-schema-graph\">{\"@context\":\"https:\/\/schema.org\",\"@graph\":[{\"@type\":\"WebPage\",\"@id\":\"https:\/\/touchlatam.com\/politicas-de-privacidad\/\",\"url\":\"https:\/\/touchlatam.com\/politicas-de-privacidad\/\",\"name\":\"Pol\u00edticas de Privacidad - Touch Latam\",\"isPartOf\":{\"@id\":\"https:\/\/touchlatam.com\/#website\"},\"datePublished\":\"2024-04-10T16:18:45+00:00\",\"dateModified\":\"2024-06-05T16:26:01+00:00\",\"breadcrumb\":{\"@id\":\"https:\/\/touchlatam.com\/politicas-de-privacidad\/#breadcrumb\"},\"inLanguage\":\"es-PE\",\"potentialAction\":[{\"@type\":\"ReadAction\",\"target\":[\"https:\/\/touchlatam.com\/politicas-de-privacidad\/\"]}]},{\"@type\":\"BreadcrumbList\",\"@id\":\"https:\/\/touchlatam.com\/politicas-de-privacidad\/#breadcrumb\",\"itemListElement\":[{\"@type\":\"ListItem\",\"position\":1,\"name\":\"Portada\",\"item\":\"https:\/\/touchlatam.com\/\"},{\"@type\":\"ListItem\",\"position\":2,\"name\":\"Pol\u00edticas de Privacidad\"}]},{\"@type\":\"WebSite\",\"@id\":\"https:\/\/touchlatam.com\/#website\",\"url\":\"https:\/\/touchlatam.com\/\",\"name\":\"Touch Latam\",\"description\":\"Tu crecimiento, Nuestro Prop\u00f3sito\",\"publisher\":{\"@id\":\"https:\/\/touchlatam.com\/#organization\"},\"potentialAction\":[{\"@type\":\"SearchAction\",\"target\":{\"@type\":\"EntryPoint\",\"urlTemplate\":\"https:\/\/touchlatam.com\/?s={search_term_string}\"},\"query-input\":{\"@type\":\"PropertyValueSpecification\",\"valueRequired\":true,\"valueName\":\"search_term_string\"}}],\"inLanguage\":\"es-PE\"},{\"@type\":\"Organization\",\"@id\":\"https:\/\/touchlatam.com\/#organization\",\"name\":\"Touch Latam\",\"url\":\"https:\/\/touchlatam.com\/\",\"logo\":{\"@type\":\"ImageObject\",\"inLanguage\":\"es-PE\",\"@id\":\"https:\/\/touchlatam.com\/#\/schema\/logo\/image\/\",\"url\":\"https:\/\/touchlatam.com\/wp-content\/uploads\/2022\/10\/LOGO-TOUCH-WEB.png\",\"contentUrl\":\"https:\/\/touchlatam.com\/wp-content\/uploads\/2022\/10\/LOGO-TOUCH-WEB.png\",\"width\":954,\"height\":397,\"caption\":\"Touch Latam\"},\"image\":{\"@id\":\"https:\/\/touchlatam.com\/#\/schema\/logo\/image\/\"},\"sameAs\":[\"https:\/\/www.facebook.com\/somos.touch.chile\",\"https:\/\/www.linkedin.com\/company\/touch-latam\"]}]}<\/script>\n<!-- \/ Yoast SEO Premium plugin. -->","yoast_head_json":{"title":"Pol\u00edticas de Privacidad - Touch Latam","robots":{"index":"index","follow":"follow","max-snippet":"max-snippet:-1","max-image-preview":"max-image-preview:large","max-video-preview":"max-video-preview:-1"},"canonical":"https:\/\/touchlatam.com\/pe\/politicas-de-privacidad\/","og_locale":"es_ES","og_type":"article","og_title":"Pol\u00edticas de Privacidad","og_description":"Pol\u00edticas de Privacidadtouchlatam.com De conformidad a lo dispuesto en el art\u00edculo 19 N\u00ba 4 de la Constituci\u00f3n Pol\u00edtica de la Rep\u00fablica y la Ley N\u00ba 19.628 sobre \u201cProtecci\u00f3n de datos de car\u00e1cter personal\u201d se establecen e informan las siguientes Pol\u00edticas de Privacidad, en adelante la \u201cPol\u00edtica\u201d, aplicables al uso del sitio web https:\/\/touchlatam.com\/ El objetivo [&hellip;]","og_url":"https:\/\/touchlatam.com\/pe\/politicas-de-privacidad\/","og_site_name":"Touch Latam","article_publisher":"https:\/\/www.facebook.com\/somos.touch.chile","article_modified_time":"2024-06-05T16:26:01+00:00","twitter_card":"summary_large_image","twitter_misc":{"Est. reading time":"4 minutos"},"schema":{"@context":"https:\/\/schema.org","@graph":[{"@type":"WebPage","@id":"https:\/\/touchlatam.com\/politicas-de-privacidad\/","url":"https:\/\/touchlatam.com\/politicas-de-privacidad\/","name":"Pol\u00edticas de Privacidad - Touch Latam","isPartOf":{"@id":"https:\/\/touchlatam.com\/#website"},"datePublished":"2024-04-10T16:18:45+00:00","dateModified":"2024-06-05T16:26:01+00:00","breadcrumb":{"@id":"https:\/\/touchlatam.com\/politicas-de-privacidad\/#breadcrumb"},"inLanguage":"es-PE","potentialAction":[{"@type":"ReadAction","target":["https:\/\/touchlatam.com\/politicas-de-privacidad\/"]}]},{"@type":"BreadcrumbList","@id":"https:\/\/touchlatam.com\/politicas-de-privacidad\/#breadcrumb","itemListElement":[{"@type":"ListItem","position":1,"name":"Portada","item":"https:\/\/touchlatam.com\/"},{"@type":"ListItem","position":2,"name":"Pol\u00edticas de Privacidad"}]},{"@type":"WebSite","@id":"https:\/\/touchlatam.com\/#website","url":"https:\/\/touchlatam.com\/","name":"Touch Latam","description":"Tu crecimiento, Nuestro Prop\u00f3sito","publisher":{"@id":"https:\/\/touchlatam.com\/#organization"},"potentialAction":[{"@type":"SearchAction","target":{"@type":"EntryPoint","urlTemplate":"https:\/\/touchlatam.com\/?s={search_term_string}"},"query-input":{"@type":"PropertyValueSpecification","valueRequired":true,"valueName":"search_term_string"}}],"inLanguage":"es-PE"},{"@type":"Organization","@id":"https:\/\/touchlatam.com\/#organization","name":"Touch Latam","url":"https:\/\/touchlatam.com\/","logo":{"@type":"ImageObject","inLanguage":"es-PE","@id":"https:\/\/touchlatam.com\/#\/schema\/logo\/image\/","url":"https:\/\/touchlatam.com\/wp-content\/uploads\/2022\/10\/LOGO-TOUCH-WEB.png","contentUrl":"https:\/\/touchlatam.com\/wp-content\/uploads\/2022\/10\/LOGO-TOUCH-WEB.png","width":954,"height":397,"caption":"Touch Latam"},"image":{"@id":"https:\/\/touchlatam.com\/#\/schema\/logo\/image\/"},"sameAs":["https:\/\/www.facebook.com\/somos.touch.chile","https:\/\/www.linkedin.com\/company\/touch-latam"]}]}},"_links":{"self":[{"href":"https:\/\/touchlatam.com\/pe\/wp-json\/wp\/v2\/pages\/8179","targetHints":{"allow":["GET"]}}],"collection":[{"href":"https:\/\/touchlatam.com\/pe\/wp-json\/wp\/v2\/pages"}],"about":[{"href":"https:\/\/touchlatam.com\/pe\/wp-json\/wp\/v2\/types\/page"}],"author":[{"embeddable":true,"href":"https:\/\/touchlatam.com\/pe\/wp-json\/wp\/v2\/users\/22"}],"replies":[{"embeddable":true,"href":"https:\/\/touchlatam.com\/pe\/wp-json\/wp\/v2\/comments?post=8179"}],"version-history":[{"count":85,"href":"https:\/\/touchlatam.com\/pe\/wp-json\/wp\/v2\/pages\/8179\/revisions"}],"predecessor-version":[{"id":9211,"href":"https:\/\/touchlatam.com\/pe\/wp-json\/wp\/v2\/pages\/8179\/revisions\/9211"}],"wp:attachment":[{"href":"https:\/\/touchlatam.com\/pe\/wp-json\/wp\/v2\/media?parent=8179"}],"curies":[{"name":"wp","href":"https:\/\/api.w.org\/{rel}","templated":true}]}}